{"id":2,"date":"2025-04-23T15:00:22","date_gmt":"2025-04-23T13:00:22","guid":{"rendered":"http:\/\/reno-plan.eu\/?page_id=2"},"modified":"2025-04-23T21:01:28","modified_gmt":"2025-04-23T19:01:28","slug":"beispiel-seite","status":"publish","type":"page","link":"https:\/\/reno-plan.eu\/","title":{"rendered":"Mach&#8217;s einfach mit uns!"},"content":{"rendered":"\n<figure class=\"wp-block-image size-large\"><img loading=\"lazy\" decoding=\"async\" width=\"1024\" height=\"512\" src=\"https:\/\/reno-plan.eu\/wp-content\/uploads\/2025\/04\/Immo-Banner-300-x-150-1024x512.jpg\" alt=\"\" class=\"wp-image-22\" srcset=\"https:\/\/reno-plan.eu\/wp-content\/uploads\/2025\/04\/Immo-Banner-300-x-150-1024x512.jpg 1024w, https:\/\/reno-plan.eu\/wp-content\/uploads\/2025\/04\/Immo-Banner-300-x-150-300x150.jpg 300w, https:\/\/reno-plan.eu\/wp-content\/uploads\/2025\/04\/Immo-Banner-300-x-150-768x384.jpg 768w, https:\/\/reno-plan.eu\/wp-content\/uploads\/2025\/04\/Immo-Banner-300-x-150-1536x768.jpg 1536w, https:\/\/reno-plan.eu\/wp-content\/uploads\/2025\/04\/Immo-Banner-300-x-150-2048x1024.jpg 2048w\" sizes=\"auto, (max-width: 1024px) 100vw, 1024px\" \/><\/figure>\n\n\n\n<p class=\"has-medium-font-size\"><strong>Diese Website befindet sich derzeit im Aufbau.<\/strong><br>Wir arbeiten mit Hochdruck daran, Ihnen schon bald alle Informationen zu unseren Leistungen und Projekten ansprechend online bereitzustellen.<\/p>\n\n\n\n<p>Bis dahin finden Sie weiter unten unsere <strong>aktuelle Brosch\u00fcre<\/strong> mit einer \u00dcbersicht der Leistungen von <strong>RENO PLAN<\/strong>.<br>F\u00fcr Fragen oder Anfragen stehen wir Ihnen jederzeit gerne zur Verf\u00fcgung.<\/p>\n\n\n\n<div style=\"height:14px\" aria-hidden=\"true\" class=\"wp-block-spacer\"><\/div>\n\n\n\n<div class=\"wp-block-buttons alignwide is-content-justification-center is-layout-flex wp-container-core-buttons-is-layout-a89b3969 wp-block-buttons-is-layout-flex\">\n<div class=\"wp-block-button\"><a class=\"wp-block-button__link wp-element-button\" href=\"https:\/\/reno-plan.eu\/wp-content\/uploads\/2025\/04\/Flyer-Reno-Plan-V6-komprimiert.pdf\"><strong>Brosch\u00fcre herunterladen<\/strong><\/a><\/div>\n<\/div>\n\n\n\n<div style=\"height:58px\" aria-hidden=\"true\" class=\"wp-block-spacer\"><\/div>\n","protected":false},"excerpt":{"rendered":"<p>Diese Website befindet sich derzeit im Aufbau.Wir arbeiten mit Hochdruck daran, Ihnen schon bald alle Informationen zu unseren Leistungen und Projekten ansprechend online bereitzustellen. Bis dahin finden Sie weiter unten unsere aktuelle Brosch\u00fcre mit einer \u00dcbersicht der Leistungen von RENO PLAN.F\u00fcr Fragen oder Anfragen stehen wir Ihnen jederzeit gerne zur Verf\u00fcgung.<\/p>\n","protected":false},"author":1,"featured_media":0,"parent":0,"menu_order":0,"comment_status":"closed","ping_status":"open","template":"","meta":{"footnotes":""},"class_list":["post-2","page","type-page","status-publish","hentry"],"_links":{"self":[{"href":"https:\/\/reno-plan.eu\/index.php\/wp-json\/wp\/v2\/pages\/2","targetHints":{"allow":["GET"]}}],"collection":[{"href":"https:\/\/reno-plan.eu\/index.php\/wp-json\/wp\/v2\/pages"}],"about":[{"href":"https:\/\/reno-plan.eu\/index.php\/wp-json\/wp\/v2\/types\/page"}],"author":[{"embeddable":true,"href":"https:\/\/reno-plan.eu\/index.php\/wp-json\/wp\/v2\/users\/1"}],"replies":[{"embeddable":true,"href":"https:\/\/reno-plan.eu\/index.php\/wp-json\/wp\/v2\/comments?post=2"}],"version-history":[{"count":15,"href":"https:\/\/reno-plan.eu\/index.php\/wp-json\/wp\/v2\/pages\/2\/revisions"}],"predecessor-version":[{"id":45,"href":"https:\/\/reno-plan.eu\/index.php\/wp-json\/wp\/v2\/pages\/2\/revisions\/45"}],"wp:attachment":[{"href":"https:\/\/reno-plan.eu\/index.php\/wp-json\/wp\/v2\/media?parent=2"}],"curies":[{"name":"wp","href":"https:\/\/api.w.org\/{rel}","templated":true}]}}